{"id":39,"date":"2026-03-26T12:41:46","date_gmt":"2026-03-26T12:41:46","guid":{"rendered":"https:\/\/vintherpaladset.dk\/?page_id=39"},"modified":"2026-03-27T13:18:34","modified_gmt":"2026-03-27T13:18:34","slug":"bliv-medlem-af-thys-natur","status":"publish","type":"page","link":"https:\/\/vintherpaladset.dk\/index.php\/bliv-medlem-af-thys-natur\/","title":{"rendered":"Bliv medlem af Thys Natur"},"content":{"rendered":"\n<details class=\"wp-block-details is-layout-flow wp-block-details-is-layout-flow\"><summary>Bliv medlem<br><strong>Det er meget nemt at st\u00f8tte foreningens aktiviteter.<\/strong><br>Du g\u00f8r f\u00f8lgende:<br>1. Send en mail til <a href=\"mailto:thysnatur@thysnatur.dk\">thysnatur@thysnatur.dk<\/a><br>Din E-mail bruger foreningen til at kontakte dig, s\u00e5 vi kan holde dig orienteret om aktiviteter og \u00f8vrige tiltag i Thy&#8217;s Natur.<br>Du bedes oplyse navne, adresser og telefonnumre p\u00e5 alle i husstanden der \u00f8nsker at blive medlem.<br>Medlemskabet g\u00e6lder ogs\u00e5 for personer over 18 \u00e5r, der h\u00f8rer til husstanden, hvis de \u00f8nsker at st\u00f8tte foreningens arbejde.<br><br>Det koster 100,00 kr. for en husstand at blive medlem<br><br>p\u00e5 MobilePay nr. 733565 eller Bankkonto 9129 0002063034<\/summary>\n<div style=\"height:var(--wp--preset--spacing--50)\" aria-hidden=\"true\" class=\"wp-block-spacer\"><\/div>\n<\/details>\n\n\n\n<p><\/p>\n","protected":false},"excerpt":{"rendered":"","protected":false},"author":1,"featured_media":0,"parent":0,"menu_order":0,"comment_status":"closed","ping_status":"closed","template":"","meta":{"footnotes":""},"class_list":["post-39","page","type-page","status-publish","hentry"],"yoast_head":"<!-- This site is optimized with the Yoast SEO plugin v27.2 - https:\/\/yoast.com\/product\/yoast-seo-wordpress\/ -->\n<title>Bliv medlem af Thys Natur - Thys Natur<\/title>\n<meta name=\"robots\" content=\"index, follow, max-snippet:-1, max-image-preview:large, max-video-preview:-1\" \/>\n<link rel=\"canonical\" href=\"https:\/\/vintherpaladset.dk\/index.php\/bliv-medlem-af-thys-natur\/\" \/>\n<meta property=\"og:locale\" content=\"da_DK\" \/>\n<meta property=\"og:type\" content=\"article\" \/>\n<meta property=\"og:title\" content=\"Bliv medlem af Thys Natur - Thys Natur\" \/>\n<meta property=\"og:url\" content=\"https:\/\/vintherpaladset.dk\/index.php\/bliv-medlem-af-thys-natur\/\" \/>\n<meta property=\"og:site_name\" content=\"Thys Natur\" \/>\n<meta property=\"article:modified_time\" content=\"2026-03-27T13:18:34+00:00\" \/>\n<meta name=\"twitter:card\" content=\"summary_large_image\" \/>\n<meta name=\"twitter:label1\" content=\"Estimeret l\u00e6setid\" \/>\n\t<meta name=\"twitter:data1\" content=\"1 minut\" \/>\n<script type=\"application\/ld+json\" class=\"yoast-schema-graph\">{\"@context\":\"https:\/\/schema.org\",\"@graph\":[{\"@type\":\"WebPage\",\"@id\":\"https:\/\/vintherpaladset.dk\/index.php\/bliv-medlem-af-thys-natur\/\",\"url\":\"https:\/\/vintherpaladset.dk\/index.php\/bliv-medlem-af-thys-natur\/\",\"name\":\"Bliv medlem af Thys Natur - Thys Natur\",\"isPartOf\":{\"@id\":\"https:\/\/vintherpaladset.dk\/#website\"},\"datePublished\":\"2026-03-26T12:41:46+00:00\",\"dateModified\":\"2026-03-27T13:18:34+00:00\",\"breadcrumb\":{\"@id\":\"https:\/\/vintherpaladset.dk\/index.php\/bliv-medlem-af-thys-natur\/#breadcrumb\"},\"inLanguage\":\"da-DK\",\"potentialAction\":[{\"@type\":\"ReadAction\",\"target\":[\"https:\/\/vintherpaladset.dk\/index.php\/bliv-medlem-af-thys-natur\/\"]}]},{\"@type\":\"BreadcrumbList\",\"@id\":\"https:\/\/vintherpaladset.dk\/index.php\/bliv-medlem-af-thys-natur\/#breadcrumb\",\"itemListElement\":[{\"@type\":\"ListItem\",\"position\":1,\"name\":\"Hjem\",\"item\":\"https:\/\/vintherpaladset.dk\/\"},{\"@type\":\"ListItem\",\"position\":2,\"name\":\"Bliv medlem af Thys Natur\"}]},{\"@type\":\"WebSite\",\"@id\":\"https:\/\/vintherpaladset.dk\/#website\",\"url\":\"https:\/\/vintherpaladset.dk\/\",\"name\":\"Thys Natur\",\"description\":\"\",\"publisher\":{\"@id\":\"https:\/\/vintherpaladset.dk\/#organization\"},\"potentialAction\":[{\"@type\":\"SearchAction\",\"target\":{\"@type\":\"EntryPoint\",\"urlTemplate\":\"https:\/\/vintherpaladset.dk\/?s={search_term_string}\"},\"query-input\":{\"@type\":\"PropertyValueSpecification\",\"valueRequired\":true,\"valueName\":\"search_term_string\"}}],\"inLanguage\":\"da-DK\"},{\"@type\":\"Organization\",\"@id\":\"https:\/\/vintherpaladset.dk\/#organization\",\"name\":\"Thys Natur\",\"url\":\"https:\/\/vintherpaladset.dk\/\",\"logo\":{\"@type\":\"ImageObject\",\"inLanguage\":\"da-DK\",\"@id\":\"https:\/\/vintherpaladset.dk\/#\/schema\/logo\/image\/\",\"url\":\"https:\/\/vintherpaladset.dk\/wp-content\/uploads\/2026\/03\/logo-uden-baggrund.jpg\",\"contentUrl\":\"https:\/\/vintherpaladset.dk\/wp-content\/uploads\/2026\/03\/logo-uden-baggrund.jpg\",\"width\":526,\"height\":150,\"caption\":\"Thys Natur\"},\"image\":{\"@id\":\"https:\/\/vintherpaladset.dk\/#\/schema\/logo\/image\/\"}}]}<\/script>\n<!-- \/ Yoast SEO plugin. -->","yoast_head_json":{"title":"Bliv medlem af Thys Natur - Thys Natur","robots":{"index":"index","follow":"follow","max-snippet":"max-snippet:-1","max-image-preview":"max-image-preview:large","max-video-preview":"max-video-preview:-1"},"canonical":"https:\/\/vintherpaladset.dk\/index.php\/bliv-medlem-af-thys-natur\/","og_locale":"da_DK","og_type":"article","og_title":"Bliv medlem af Thys Natur - Thys Natur","og_url":"https:\/\/vintherpaladset.dk\/index.php\/bliv-medlem-af-thys-natur\/","og_site_name":"Thys Natur","article_modified_time":"2026-03-27T13:18:34+00:00","twitter_card":"summary_large_image","twitter_misc":{"Estimeret l\u00e6setid":"1 minut"},"schema":{"@context":"https:\/\/schema.org","@graph":[{"@type":"WebPage","@id":"https:\/\/vintherpaladset.dk\/index.php\/bliv-medlem-af-thys-natur\/","url":"https:\/\/vintherpaladset.dk\/index.php\/bliv-medlem-af-thys-natur\/","name":"Bliv medlem af Thys Natur - Thys Natur","isPartOf":{"@id":"https:\/\/vintherpaladset.dk\/#website"},"datePublished":"2026-03-26T12:41:46+00:00","dateModified":"2026-03-27T13:18:34+00:00","breadcrumb":{"@id":"https:\/\/vintherpaladset.dk\/index.php\/bliv-medlem-af-thys-natur\/#breadcrumb"},"inLanguage":"da-DK","potentialAction":[{"@type":"ReadAction","target":["https:\/\/vintherpaladset.dk\/index.php\/bliv-medlem-af-thys-natur\/"]}]},{"@type":"BreadcrumbList","@id":"https:\/\/vintherpaladset.dk\/index.php\/bliv-medlem-af-thys-natur\/#breadcrumb","itemListElement":[{"@type":"ListItem","position":1,"name":"Hjem","item":"https:\/\/vintherpaladset.dk\/"},{"@type":"ListItem","position":2,"name":"Bliv medlem af Thys Natur"}]},{"@type":"WebSite","@id":"https:\/\/vintherpaladset.dk\/#website","url":"https:\/\/vintherpaladset.dk\/","name":"Thys Natur","description":"","publisher":{"@id":"https:\/\/vintherpaladset.dk\/#organization"},"potentialAction":[{"@type":"SearchAction","target":{"@type":"EntryPoint","urlTemplate":"https:\/\/vintherpaladset.dk\/?s={search_term_string}"},"query-input":{"@type":"PropertyValueSpecification","valueRequired":true,"valueName":"search_term_string"}}],"inLanguage":"da-DK"},{"@type":"Organization","@id":"https:\/\/vintherpaladset.dk\/#organization","name":"Thys Natur","url":"https:\/\/vintherpaladset.dk\/","logo":{"@type":"ImageObject","inLanguage":"da-DK","@id":"https:\/\/vintherpaladset.dk\/#\/schema\/logo\/image\/","url":"https:\/\/vintherpaladset.dk\/wp-content\/uploads\/2026\/03\/logo-uden-baggrund.jpg","contentUrl":"https:\/\/vintherpaladset.dk\/wp-content\/uploads\/2026\/03\/logo-uden-baggrund.jpg","width":526,"height":150,"caption":"Thys Natur"},"image":{"@id":"https:\/\/vintherpaladset.dk\/#\/schema\/logo\/image\/"}}]}},"_links":{"self":[{"href":"https:\/\/vintherpaladset.dk\/index.php\/wp-json\/wp\/v2\/pages\/39","targetHints":{"allow":["GET"]}}],"collection":[{"href":"https:\/\/vintherpaladset.dk\/index.php\/wp-json\/wp\/v2\/pages"}],"about":[{"href":"https:\/\/vintherpaladset.dk\/index.php\/wp-json\/wp\/v2\/types\/page"}],"author":[{"embeddable":true,"href":"https:\/\/vintherpaladset.dk\/index.php\/wp-json\/wp\/v2\/users\/1"}],"replies":[{"embeddable":true,"href":"https:\/\/vintherpaladset.dk\/index.php\/wp-json\/wp\/v2\/comments?post=39"}],"version-history":[{"count":2,"href":"https:\/\/vintherpaladset.dk\/index.php\/wp-json\/wp\/v2\/pages\/39\/revisions"}],"predecessor-version":[{"id":62,"href":"https:\/\/vintherpaladset.dk\/index.php\/wp-json\/wp\/v2\/pages\/39\/revisions\/62"}],"wp:attachment":[{"href":"https:\/\/vintherpaladset.dk\/index.php\/wp-json\/wp\/v2\/media?parent=39"}],"curies":[{"name":"wp","href":"https:\/\/api.w.org\/{rel}","templated":true}]}}